{"id":4,"date":"2012-08-08T21:03:13","date_gmt":"2012-08-08T19:03:13","guid":{"rendered":"http:\/\/www.tierarztpraxis-koldt.de\/?page_id=4"},"modified":"2020-10-12T19:18:20","modified_gmt":"2020-10-12T17:18:20","slug":"home","status":"publish","type":"page","link":"https:\/\/tierarztpraxis-koldt.de\/","title":{"rendered":"Liebe Tierbesitzer,"},"content":{"rendered":"<p>&nbsp;<\/p>\n<p style=\"text-align: center;\"><strong><span style=\"color: #ff0000;\">mit unserer Homepage m\u00f6chten wir Ihnen einen Einblick in unsere Tierarztpraxis f\u00fcr Kleintiere in Traunreut geben.<\/span><\/strong><\/p>\n<p style=\"text-align: center;\">\u00dcber unsere Sprechzeiten, tier\u00e4rztliche Leistungen, Adressen unserer \u00dcberweisungskliniken, sowie \u00fcber unsere Behandlungsabl\u00e4ufe und -methoden, das Praxisteam und vieles mehr rund um das Tier k\u00f6nnen Sie sich hier informieren.<\/p>\n<p style=\"text-align: center;\">Unsere Philosophie <span style=\"color: #ff0000;\">&#8222;<\/span><span style=\"color: #ff0000;\">Tiermedizin mit Herz und Verstand&#8220;<\/span> zeigt, dass wir zwar sehr viel Wert auf moderne Medizintechnik und kontinuierliche Fortbildung legen, aber auch Herz und die Liebe zum Tier bei uns einen sehr hohen Stellenwert haben.<\/p>\n<p style=\"text-align: center;\">Wir m\u00f6chten Sie und Ihr Tier in einer vertrauensvollen Zusammenarbeit menschlich und veterin\u00e4rmedizinisch begleiten.<\/p>\n<p>&nbsp;<\/p>\n<p><a href=\"http:\/\/www.tierarztpraxis-koldt.de\/wp-content\/uploads\/2015\/08\/cropped-Logo.jpg\"><img loading=\"lazy\" decoding=\"async\" class=\"wp-image-131 aligncenter\" src=\"http:\/\/www.tierarztpraxis-koldt.de\/wp-content\/uploads\/2015\/08\/cropped-Logo-300x300.jpg\" alt=\"cropped-Logo.jpg\" width=\"142\" height=\"142\" srcset=\"https:\/\/tierarztpraxis-koldt.de\/wp-content\/uploads\/2015\/08\/cropped-Logo-300x300.jpg 300w, https:\/\/tierarztpraxis-koldt.de\/wp-content\/uploads\/2015\/08\/cropped-Logo-150x150.jpg 150w, https:\/\/tierarztpraxis-koldt.de\/wp-content\/uploads\/2015\/08\/cropped-Logo-1024x1024.jpg 1024w, https:\/\/tierarztpraxis-koldt.de\/wp-content\/uploads\/2015\/08\/cropped-Logo.jpg 1260w\" sizes=\"auto, (max-width: 142px) 100vw, 142px\" \/><\/a><\/p>\n","protected":false},"excerpt":{"rendered":"<p>&nbsp; mit unserer Homepage m\u00f6chten wir Ihnen einen Einblick in unsere Tierarztpraxis f\u00fcr Kleintiere in Traunreut geben. \u00dcber unsere Sprechzeiten, tier\u00e4rztliche Leistungen, Adressen unserer \u00dcberweisungskliniken, sowie \u00fcber unsere Behandlungsabl\u00e4ufe und -methoden, das Praxisteam und vieles mehr rund um das Tier k\u00f6nnen Sie sich hier informieren. Unsere Philosophie &#8222;Tiermedizin mit Herz und Verstand&#8220; zeigt, dass wir zwar sehr viel Wert auf [&hellip;]<\/p>\n","protected":false},"author":1,"featured_media":652,"parent":0,"menu_order":0,"comment_status":"closed","ping_status":"closed","template":"","meta":{"footnotes":""},"class_list":["post-4","page","type-page","status-publish","has-post-thumbnail","hentry"],"_links":{"self":[{"href":"https:\/\/tierarztpraxis-koldt.de\/index.php?rest_route=\/wp\/v2\/pages\/4","targetHints":{"allow":["GET"]}}],"collection":[{"href":"https:\/\/tierarztpraxis-koldt.de\/index.php?rest_route=\/wp\/v2\/pages"}],"about":[{"href":"https:\/\/tierarztpraxis-koldt.de\/index.php?rest_route=\/wp\/v2\/types\/page"}],"author":[{"embeddable":true,"href":"https:\/\/tierarztpraxis-koldt.de\/index.php?rest_route=\/wp\/v2\/users\/1"}],"replies":[{"embeddable":true,"href":"https:\/\/tierarztpraxis-koldt.de\/index.php?rest_route=%2Fwp%2Fv2%2Fcomments&post=4"}],"version-history":[{"count":32,"href":"https:\/\/tierarztpraxis-koldt.de\/index.php?rest_route=\/wp\/v2\/pages\/4\/revisions"}],"predecessor-version":[{"id":494,"href":"https:\/\/tierarztpraxis-koldt.de\/index.php?rest_route=\/wp\/v2\/pages\/4\/revisions\/494"}],"wp:featuredmedia":[{"embeddable":true,"href":"https:\/\/tierarztpraxis-koldt.de\/index.php?rest_route=\/wp\/v2\/media\/652"}],"wp:attachment":[{"href":"https:\/\/tierarztpraxis-koldt.de\/index.php?rest_route=%2Fwp%2Fv2%2Fmedia&parent=4"}],"curies":[{"name":"wp","href":"https:\/\/api.w.org\/{rel}","templated":true}]}}