{"id":45,"date":"2014-04-12T23:06:24","date_gmt":"2014-04-12T21:06:24","guid":{"rendered":"http:\/\/www.tierarztpraxis-koldt.de\/?page_id=45"},"modified":"2025-12-15T19:56:03","modified_gmt":"2025-12-15T18:56:03","slug":"seite-3","status":"publish","type":"page","link":"https:\/\/tierarztpraxis-koldt.de\/?page_id=45","title":{"rendered":"Team"},"content":{"rendered":"<h3 style=\"text-align: left;\"><\/h3>\n<h2 style=\"text-align: center;\"><strong><em>\u00a0Das Praxisteam<\/em><\/strong><\/h2>\n<h3 style=\"text-align: center;\"><strong>Dr. med. vet. Elisabeth Koldt<\/strong><\/h3>\n<h4 style=\"text-align: center;\"><span style=\"color: #3366ff;\">prakt. Tier\u00e4rztin &amp; Praxisinhaberin<\/span><\/h4>\n<p style=\"text-align: center;\"><strong><span style=\"color: #ff0000;\">Whippet Z\u00fcchterin<\/span> <\/strong><\/p>\n<p><a href=\"http:\/\/www.tierarztpraxis-koldt.de\/wp-content\/uploads\/2012\/08\/tierarzt.jpg\"><img loading=\"lazy\" decoding=\"async\" class=\"alignnone size-medium wp-image-12 aligncenter\" src=\"http:\/\/www.tierarztpraxis-koldt.de\/wp-content\/uploads\/2012\/08\/tierarzt-300x200.jpg\" alt=\"tierarzt\" width=\"300\" height=\"200\" srcset=\"https:\/\/tierarztpraxis-koldt.de\/wp-content\/uploads\/2012\/08\/tierarzt-300x200.jpg 300w, https:\/\/tierarztpraxis-koldt.de\/wp-content\/uploads\/2012\/08\/tierarzt-1024x682.jpg 1024w, https:\/\/tierarztpraxis-koldt.de\/wp-content\/uploads\/2012\/08\/tierarzt-450x300.jpg 450w\" sizes=\"auto, (max-width: 300px) 100vw, 300px\" \/><\/a><\/p>\n<p style=\"text-align: left;\"><strong><span style=\"text-decoration: underline;\">Beruflicher Werdegang:<\/span><\/strong><\/p>\n<ul>\n<li style=\"text-align: left;\">Abitur<\/li>\n<li style=\"text-align: left;\">Studium der Veterin\u00e4rmedizin an der Stiftung Tier\u00e4rztliche Hochschule Hannover &amp; Ludwig- Maximilians &#8211; Universit\u00e4t M\u00fcnchen (- 1999)<\/li>\n<li style=\"text-align: left;\">Promotion (2004)<\/li>\n<li style=\"text-align: left;\">Eigene Whippet Hundezucht seit 2004<\/li>\n<li style=\"text-align: left;\">Assistenz Tier\u00e4rztin in einer Kleintierpraxis in M\u00fcnchen (1999 &#8211; 2012)<\/li>\n<li style=\"text-align: left;\">\u00dcbernahme der Tierarztpraxis in Traunreut von Frau Dr. Kopsch (2012)<\/li>\n<li style=\"text-align: left;\">Mitglied im BPT &amp; FVO<\/li>\n<li style=\"text-align: left;\">Geburt von Sohn Nathan (2014)<\/li>\n<\/ul>\n<p style=\"text-align: left;\">Fortbildungen:<\/p>\n<ul>\n<li>Hormone in der Kleintiermedizin am 07.November 2002<\/li>\n<li>Medikamentelle und interventionelle Therapie von Herzerkrankungen beim Hund am 29.Januar 2003<\/li>\n<li>Pr\u00e4analytik f\u00fcr h\u00e4matologische Untersuchungen (Blut + Befunde) am 17.M\u00e4rz 2006<\/li>\n<li>Ultraschall Herz am 23.\/24. Juni 2006<\/li>\n<li>Kardiologie \/ Ultraschall Herz am 19.September 2006, 31.Januar 2007, 17.M\u00e4rz 2007<\/li>\n<li>Leishmaniose: Prophylaxe und Therapie am 10.Juli 2009<\/li>\n<li>Tipps und Tricks zur Wiederbelebung am 10.Dezember 2009<\/li>\n<li>Erbkrankheiten bei Hund und Katze am 11.Februar 2010<\/li>\n<li>Verhaltensprobleme bei Hund und Katze &#8211; Therapie am 30.Juni 2010<\/li>\n<li>Narkosemanagement bei Kleintieren und Hautplastiken am 08.Juni 2011<\/li>\n<li>Osteopathie f\u00fcr Hundepraktiker vom 02.-04. Dezember 2011<\/li>\n<li>Management bei H\u00fcndinen um die Geburt und Welpenversorgung am 14.Dezember 2011<\/li>\n<li>Fl\u00fcssigkeitsansammlungen im Thorax &#8211; Therapie am 14.M\u00e4rz 2012<\/li>\n<li>Hund mit Cushing oder Allergie am 18.April 2012<\/li>\n<li>R\u00f6ntgen Thorax am 26.April 2012<\/li>\n<li>Reisekrankheiten, Anaplasmen, Leishmanien und Co am 13.Juni 2012<\/li>\n<li>Gastroenterologie bei Hund und Katze am 16.\/17.Juni 2012<\/li>\n<li>Neuigkeiten zu FIV, FeLV und FIP ma 09.August 2012<\/li>\n<li>Vorgehen bei Verdacht auf Subfertilit\u00e4t\/Infertilit\u00e4t beim R\u00fcden und L\u00e4ufigkeitsst\u00f6rungen bei H\u00fcndinen am 19.September 2013<\/li>\n<li>Lahmheit der Hintergliedma\u00dfe beim Hund am 04.Dezember 2013<\/li>\n<li>Geburtsst\u00f6rungen bei Hund und Katze am 26.Februar 2014<\/li>\n<li>Diabetes Mellitus bei Hund und Katze am 26.M\u00e4rz 2014<\/li>\n<li>H\u00e4matologie: Interpretation von Blutbefunden (in englischer Sprache) am 25.November 2014<\/li>\n<li>Neurologische F\u00e4lle und Kleintierkardiologie am 25.M\u00e4rz 2015<\/li>\n<li>Anorexie Katze von 08.-11.Oktober 2015<\/li>\n<li>Juckreiz bei Hund und Katze am 13.April 2016<\/li>\n<li>Gastroenterologie und Krankheiten des Respirationstrackts von 14.-18.November 2016<\/li>\n<li>Therapie der wichtigsten Herzerkrankungen am 26.April 2017<\/li>\n<li>Katze: Innere Medizin am 26.November 2017<\/li>\n<li>Genetische Ursachen f\u00fcr Blindheit beim Hund vom 20.-22.April 2018<\/li>\n<li>Arthrotomische Gelenkoperationen am 27.\/28.Oktober 2018<\/li>\n<li>Diagnose und Therapie bei Kryptorchisus und Ovarrestsyndrom am 29.November 2018<\/li>\n<li>Metastasensuche beim Kleintier am 21.Februar 2019<\/li>\n<li>Ursachen, Diagnostik und Therapie bei Schnupfen, Durchfall und Co am 14.M\u00e4rz 2019<\/li>\n<li>Korneachirurgie \/ Das Glaukom am 15.M\u00e4rz 2019<\/li>\n<li>Differentialdiagnosen und Therapien bei Ver\u00e4nderungen am Penis des R\u00fcden am 28.M\u00e4rz 2019<\/li>\n<li>Welpen- und Hundeanalyse am 06.Juli 2019<\/li>\n<li>Teilnahme am BPT (Tier\u00e4rztekongress) in M\u00fcnchen\u00a0 (+ Vortr\u00e4ge Kleintier, Seminar Kleintier: Abdominale Sonographie) 2019<\/li>\n<li>Teilnahme am Leipziger Tier\u00e4rztekongress 2020<\/li>\n<li>&#8222;Wenn die Welpen kommen &#8211; Tipps und Tricks rund um die Geburt bei Hund und Katze&#8220; am 13.Februar 2020<\/li>\n<li>Die katzenfreundliche Praxis am 19.September 2020<\/li>\n<li>Vom Frust zur Lust bei Allergie am 24.November 2020<\/li>\n<li>Hundeherz &#8211; was tun? am 27.Januar 2021<\/li>\n<li>Kaninchen und Meerschweinchen im Notdienst am 10.April 2021<\/li>\n<li>Einfach nur alt oder krank? &#8211; Geriatrie Kleins\u00e4uger Teil 1 und 2 am 19.08. + 20.09.2021<\/li>\n<li>Beratung, Vorsorge und Fr\u00fcherkennung bei Kaninchen und Meerschweinchen 01.02.2022<\/li>\n<li>R\u00f6ntgen Thorax Modul 1 &#8211; Lagerung, Anatomie, Technik 08.02.2022<\/li>\n<li>R\u00f6ntgen Thorax Modul 2 &#8211; Lungenzeichnungen 15.02.2022<span style=\"font-family: arial; font-size: medium;\"><br \/>\n<\/span><\/li>\n<li><span dir=\"ltr\">Thoraxr\u00f6ntgen leicht gemacht Modul 3 &#8211; Mediastinum und Thoraxwand 08.03.2022<br \/>\n<\/span><\/li>\n<li><span dir=\"ltr\">Thoraxr\u00f6ntgen leicht gemacht Modul 4<\/span> &#8211; Fallbeispiele 15.03.2022<\/li>\n<\/ul>\n<p><strong>J\u00e4hrliche Besuche auf FVO und BPT Kongressen + Fortbildungen<\/strong><\/p>\n<h3 style=\"text-align: center;\"><strong>Johanna Polster<\/strong><\/h3>\n<h5 style=\"text-align: center;\"><span style=\"color: #0000ff;\">Tiermedizinische Fachangestellte \/ Tierphysiotherapeutin \/ Tierakupunkteurin \/ Tierosteopathin<\/span><\/h5>\n<h6>\u00a0<a href=\"http:\/\/www.tierarztpraxis-koldt.de\/wp-content\/uploads\/2014\/04\/1.jpg\"><img loading=\"lazy\" decoding=\"async\" class=\" wp-image-556 aligncenter\" src=\"http:\/\/www.tierarztpraxis-koldt.de\/wp-content\/uploads\/2014\/04\/1-163x300.jpg\" alt=\"\" width=\"234\" height=\"431\" srcset=\"https:\/\/tierarztpraxis-koldt.de\/wp-content\/uploads\/2014\/04\/1-163x300.jpg 163w, https:\/\/tierarztpraxis-koldt.de\/wp-content\/uploads\/2014\/04\/1.jpg 325w\" sizes=\"auto, (max-width: 234px) 100vw, 234px\" \/><\/a><\/h6>\n<p><strong><span style=\"text-decoration: underline;\">Beruflicher Werdegang:<\/span><\/strong><\/p>\n<ul>\n<li>Realschulabschluss (2017)<\/li>\n<li>Ausbildungsbeginn zur Tiermedizinischen Fachangestellten in unserer Praxis (Sept. 2017)<\/li>\n<li>Abschluss der Ausbildung zur Tiermedizinischen Fachangestellten (Juli 2020)<\/li>\n<li>Studienbeginn Tierphysiotherapie mit Zusatzqualifikation Tierakupunktur f\u00fcr Klein- und Gro\u00dftiere (Okt. 2021)<\/li>\n<li>Weiterbildung &#8222;Taping bei Hund und Pferd&#8220; (April 2022)<\/li>\n<li>zertifizierter Studienabschluss Tierphysiotherapie mit Zusatzqualifikation Tierakupunktur f\u00fcr Klein- und Gro\u00dftiere (Okt. 2023)<\/li>\n<li>Studienbeginn Tierheilpraktik f\u00fcr Klein- und Gro\u00dftiere (M\u00e4rz 2024)<\/li>\n<li>zertifizierter Studienabschluss Tierheilpraktik f\u00fcr Klein- und Gro\u00dftiere (Dez. 2024)<\/li>\n<li>Studienbeginn Tierosteopathie (Jan. 2025)<\/li>\n<li>zertifizierter Studienabschluss Tierosteopathie f\u00fcr Klein- und Gro\u00dftiere (Dez. 2025)<\/li>\n<\/ul>\n<p>Fortbildungen:<\/p>\n<ul>\n<li>Fortbildung zur Ern\u00e4hrungsberaterin f\u00fcr Kleintiere (Sept. 2018)<\/li>\n<li>Fortbildung im Bereich Niere &#8211; Anatomie, Physiologie, Nierenerkrankungen (Nov. 2019)<\/li>\n<li>Fortbildung im Bereich Harnwegserkrankungen &#8211; Harnstein &#8211; Entstehung, Unterscheidung und Therapie (Nov. 2019)<\/li>\n<li>Teilnahme am BPT (Tier\u00e4rztekongress) in M\u00fcnchen (+ Fortbildung f\u00fcr TFAs) (2019)<\/li>\n<li>Fortbildung &#8222;Wildtiere in der Kleintierpraxis &#8211; was ich wissen muss&#8220; (Febr. 2021)<\/li>\n<li>Teilnahme am RC Vet Business Forum 2021 -&gt; Fortbildungen &#8222;Pr\u00e4zise Kommunikation im Team und mit Tierhalter*innen&#8220;, &#8222;Einen Mehrwert f\u00fcr die Praxis generieren&#8220;, &#8222;Katzen und Katzenbesitzer*innen freundlich behandeln&#8220;, &#8222;Ern\u00e4hrung von Senioren bei multiplen gesundheitlichen Herausforderungen&#8220;, &#8222;Erfolgreiches Prophylaxemanagement in der Tierern\u00e4hrung&#8220;, &#8222;Neonatologie und mutterlose Aufzucht&#8220; und &#8222;Mythen in der Tierern\u00e4hrung&#8220; (M\u00e4rz 2021)<\/li>\n<li>Fortbildung &#8222;Kastration &#8211; wichtige Fakten und Tipps&#8220; (Okt. 2021)<\/li>\n<li>Fortbildung &#8222;Die Rezeption &#8211; Schaltzentrale der Praxis&#8220; (Okt. 2021)<\/li>\n<li>Fortbildung &#8222;Hauterkrankungen bei Hund und Katze&#8220; (Okt. 2021)<\/li>\n<li>Fortbildung &#8222;Fair(ver)kaufen &#8211; im Sinne von Praxis und Kunden&#8220; (Okt. 2021)<\/li>\n<li>Fortbildung &#8222;Katzenpatienten und ihre Bed\u00fcrfnisse verstehen&#8220; (Nov. 2021)<\/li>\n<li>Fortbildung &#8222;Optimiertes Beratungsgespr\u00e4ch mit unterschiedlichen Kundentypen&#8220; (Nov. 2021)<\/li>\n<li>Teilnahme am BPT (Tier\u00e4rztekongress) Digital -&gt; Fortbildungen &#8222;Verhaltensprobleme beim Hund&#8220; und &#8222;Endokrine Notf\u00e4lle und Diabetesmanagement&#8220; (Nov. 2021)<\/li>\n<li>Fortbildung &#8222;Produktschulungen zu den Royal Canin Di\u00e4tnahrungen&#8220; (Jan. 2022)<\/li>\n<li>Fortbildung &#8222;Den Lebensplatz von jungen\/neuen Katzen gestalten&#8220; (Feb. 2022)<\/li>\n<li>Fortbildung &#8222;Die Lebensqualit\u00e4t eines Hundes ist ver\u00e4nderbar&#8220; (Feb. 2022)<\/li>\n<li>Fortbildung &#8222;Katzengesundheit: Von Anfang Akzente setzen!&#8220; (Feb. 2022)<\/li>\n<li>Fortbildung &#8222;Das Potential eines Hundes einsch\u00e4tzen&#8220; (Feb. 2022)<\/li>\n<li>Fortbildung &#8222;Durch Beratung Ern\u00e4hrungsfehler bei Hunde- und Katzenwelpen vermeiden&#8220; (Feb. 2022)<\/li>\n<li>Fortbildung &#8222;Impulskontrolle von Hunden schulen&#8220; (M\u00e4rz 2022)<\/li>\n<li>Fortbildung &#8222;Tiger, die kooperieren&#8220; (M\u00e4rz 2022)<\/li>\n<li>Fortbildung &#8222;Welpenstunden in der Kleintierpraxis&#8220; (M\u00e4rz 2022)<\/li>\n<li>Fortbildung &#8222;Durch Prophylaxema\u00dfnahmen bei Welpen Besitzercompliance steigern&#8220;\u00a0\u00a0 (M\u00e4rz 2022)<\/li>\n<li>Fortbildung &#8222;Alles in den Napf? Dermatologie-Wissen f\u00fcr TFA&#8220; (April 2022)<\/li>\n<li>Fortbildung &#8220; Labordiagnostik: Spurensuche f\u00fcr TFA &#8211; Pr\u00e4analytik&#8220; (Mai 2022)<\/li>\n<li>Teilnahme am RC Vet Business Forum 2022 -&gt; Fortbildungen &#8222;Neue Chancen, neue Herausforderungen, Neue Aufgaben&#8220;, Digitalisierung in der Tierarztpraxis&#8220;, &#8222;Mit Konflikten in der Praxis gut umgehen&#8220;, &#8222;Wenn Sch\u00f6nheitsideale zur Qual werden&#8220;<\/li>\n<li>Fortbildung &#8222;Medizin und Service f\u00fcr Katzenkunden&#8220; (Sept. 2022)<\/li>\n<li>Fortbildung &#8222;Katzenkummer: Das Wichtigste rund um Verhaltensprobleme bei der Katze&#8220; (Sept. 2022)<\/li>\n<li>Fortbildung &#8222;Erbrechen bei Hund und Katze &#8211; von der Physiologie zur Therapie&#8220; (Okt. 2022)<\/li>\n<li>Fortbildung &#8222;Wachstums- und Bewegungsst\u00f6rungen&#8220; und &#8222;Ern\u00e4hrung und Verhalten&#8220; (Juni 2023)<\/li>\n<li>Fortbildung Teil 1 und 2 von &#8222;<span id=\"page3R_mcid12\" class=\"markedContent\"><span dir=\"ltr\" role=\"presentation\">Versorgung von verletzten und kranken<\/span> <\/span><span id=\"page3R_mcid13\" class=\"markedContent\"><span dir=\"ltr\" role=\"presentation\">Eichh\u00f6rnchen, Feldhasen, Siebenschl\u00e4fern und Wildkaninchen&#8220; (Juni 2023)<\/span><\/span><\/li>\n<li>Fortbildung &#8222;Das Kuscheltierdrama &#8211; Qualzuchten, wenn aus &#8222;s\u00fc\u00df&#8220; Leid wird &#8211; ein Pathologe berichtet&#8220; (Juni 2023)<\/li>\n<li>Teilnahme am BPT (Tier\u00e4rztekongress) in M\u00fcnchen (+ Fortbildung f\u00fcr TFAs) (2023)<\/li>\n<li>Fortbildung &#8222;Physiotherapie in der Kleintierpraxis&#8220; (Jan. 2024)<\/li>\n<li>Fortbildung &#8222;Kardiologische Notf\u00e4lle&#8220; (Feb. 2024)<\/li>\n<li>Fortbildung &#8222;Praxis-Coaching &#8211; Entspannter Patientenumgang&#8220; (M\u00e4rz 2024)<\/li>\n<li>Fortbildung &#8222;Mikrobiom gut &#8211; alles gut?&#8220; (Jan. 2025)<\/li>\n<li>Fortbildung &#8222;Gesunde Leistungssteigerung bei Sporthunden&#8220; (Feb. 2025)<\/li>\n<li>Fortbildung &#8222;Blutbilderbeurteilung bei Hund und Katze, Teil 1&#8220; (Mai 2025)<\/li>\n<li>Fortbildung &#8222;Blutbilderbeurteilung bei Hund und Katze, Teil 2&#8220; (Juni 2025)<\/li>\n<li>Fortbildung &#8222;Aktualisierung der Strahlenschutzkunde TFA&#8220; (Nov 2025)<\/li>\n<\/ul>\n<p>&nbsp;<\/p>\n<h3 style=\"text-align: center;\">Lara Hoffmann<\/h3>\n<h5 style=\"text-align: center;\">Auszubildende zur Tiermedizinischen Fachangestellten<\/h5>\n<p><strong>Beruflicher Werdegang:<\/strong><\/p>\n<ul>\n<li>Ausbildungsbeginn zur Tiermedizinischen Fachangestellten in unserer Praxis (Sept. 2023)<\/li>\n<\/ul>\n<p>Fortbildungen:<\/p>\n<ul>\n<li>Fortbildung &#8222;Hungry for Nutrion (Ern\u00e4hrung f\u00fcr Hund und Katze)&#8220; (Apr. 2024)<\/li>\n<\/ul>\n<p>&nbsp;<\/p>\n<h6 style=\"text-align: center;\">Tierisches Praxisteam<\/h6>\n<h6><\/h6>\n<h6><a href=\"http:\/\/www.tierarztpraxis-koldt.de\/wp-content\/uploads\/2014\/04\/Anhang-3.jpg\"><img loading=\"lazy\" decoding=\"async\" class=\"aligncenter wp-image-155\" src=\"http:\/\/www.tierarztpraxis-koldt.de\/wp-content\/uploads\/2014\/04\/Anhang-3-300x225.jpg\" alt=\"Anhang 3\" width=\"511\" height=\"383\" srcset=\"https:\/\/tierarztpraxis-koldt.de\/wp-content\/uploads\/2014\/04\/Anhang-3-300x225.jpg 300w, https:\/\/tierarztpraxis-koldt.de\/wp-content\/uploads\/2014\/04\/Anhang-3-1024x768.jpg 1024w\" sizes=\"auto, (max-width: 511px) 100vw, 511px\" \/><\/a><\/h6>\n<h6><\/h6>\n<h6><a href=\"http:\/\/www.tierarztpraxis-koldt.de\/wp-content\/uploads\/2014\/04\/Foto-1.jpg\"><img loading=\"lazy\" decoding=\"async\" class=\" wp-image-185 alignleft\" src=\"http:\/\/www.tierarztpraxis-koldt.de\/wp-content\/uploads\/2014\/04\/Foto-1-300x208.jpg\" alt=\"Foto 1\" width=\"323\" height=\"224\" srcset=\"https:\/\/tierarztpraxis-koldt.de\/wp-content\/uploads\/2014\/04\/Foto-1-300x208.jpg 300w, https:\/\/tierarztpraxis-koldt.de\/wp-content\/uploads\/2014\/04\/Foto-1.jpg 960w\" sizes=\"auto, (max-width: 323px) 100vw, 323px\" \/><\/a> <a href=\"http:\/\/www.tierarztpraxis-koldt.de\/wp-content\/uploads\/2014\/04\/Foto-2.jpg\"><img loading=\"lazy\" decoding=\"async\" class=\" size-medium wp-image-186 alignright\" src=\"http:\/\/www.tierarztpraxis-koldt.de\/wp-content\/uploads\/2014\/04\/Foto-2-300x225.jpg\" alt=\"Foto 2\" width=\"300\" height=\"225\" srcset=\"https:\/\/tierarztpraxis-koldt.de\/wp-content\/uploads\/2014\/04\/Foto-2-300x225.jpg 300w, https:\/\/tierarztpraxis-koldt.de\/wp-content\/uploads\/2014\/04\/Foto-2-1024x768.jpg 1024w\" sizes=\"auto, (max-width: 300px) 100vw, 300px\" \/><\/a><\/h6>\n","protected":false},"excerpt":{"rendered":"<p>\u00a0Das Praxisteam Dr. med. vet. Elisabeth Koldt prakt. Tier\u00e4rztin &amp; Praxisinhaberin Whippet Z\u00fcchterin Beruflicher Werdegang: Abitur Studium der Veterin\u00e4rmedizin an der Stiftung Tier\u00e4rztliche Hochschule Hannover &amp; Ludwig- Maximilians &#8211; Universit\u00e4t M\u00fcnchen (- 1999) Promotion (2004) Eigene Whippet Hundezucht seit 2004 Assistenz Tier\u00e4rztin in einer Kleintierpraxis in M\u00fcnchen (1999 &#8211; 2012) \u00dcbernahme der Tierarztpraxis in Traunreut von Frau Dr. Kopsch (2012) [&hellip;]<\/p>\n","protected":false},"author":1,"featured_media":652,"parent":0,"menu_order":2,"comment_status":"closed","ping_status":"closed","template":"","meta":{"footnotes":""},"class_list":["post-45","page","type-page","status-publish","has-post-thumbnail","hentry"],"_links":{"self":[{"href":"https:\/\/tierarztpraxis-koldt.de\/index.php?rest_route=\/wp\/v2\/pages\/45","targetHints":{"allow":["GET"]}}],"collection":[{"href":"https:\/\/tierarztpraxis-koldt.de\/index.php?rest_route=\/wp\/v2\/pages"}],"about":[{"href":"https:\/\/tierarztpraxis-koldt.de\/index.php?rest_route=\/wp\/v2\/types\/page"}],"author":[{"embeddable":true,"href":"https:\/\/tierarztpraxis-koldt.de\/index.php?rest_route=\/wp\/v2\/users\/1"}],"replies":[{"embeddable":true,"href":"https:\/\/tierarztpraxis-koldt.de\/index.php?rest_route=%2Fwp%2Fv2%2Fcomments&post=45"}],"version-history":[{"count":108,"href":"https:\/\/tierarztpraxis-koldt.de\/index.php?rest_route=\/wp\/v2\/pages\/45\/revisions"}],"predecessor-version":[{"id":1217,"href":"https:\/\/tierarztpraxis-koldt.de\/index.php?rest_route=\/wp\/v2\/pages\/45\/revisions\/1217"}],"wp:featuredmedia":[{"embeddable":true,"href":"https:\/\/tierarztpraxis-koldt.de\/index.php?rest_route=\/wp\/v2\/media\/652"}],"wp:attachment":[{"href":"https:\/\/tierarztpraxis-koldt.de\/index.php?rest_route=%2Fwp%2Fv2%2Fmedia&parent=45"}],"curies":[{"name":"wp","href":"https:\/\/api.w.org\/{rel}","templated":true}]}}