{"id":48,"date":"2014-04-12T23:07:18","date_gmt":"2014-04-12T21:07:18","guid":{"rendered":"http:\/\/www.tierarztpraxis-koldt.de\/?page_id=48"},"modified":"2024-12-04T17:10:41","modified_gmt":"2024-12-04T16:10:41","slug":"leistungen","status":"publish","type":"page","link":"https:\/\/tierarztpraxis-koldt.de\/?page_id=48","title":{"rendered":"Leistungen"},"content":{"rendered":"<h3><span style=\"text-decoration: underline; color: #ff0000;\">Fachliche Schwerpunkte:<\/span><\/h3>\n<ul>\n<li><strong>Innere Medizin<\/strong><img loading=\"lazy\" decoding=\"async\" class=\" size-medium wp-image-174 alignright\" src=\"http:\/\/www.tierarztpraxis-koldt.de\/wp-content\/uploads\/2014\/04\/4dded9e8c9fb7e3d59313e2d1671bba0-300x200.jpg\" alt=\"4dded9e8c9fb7e3d59313e2d1671bba0\" width=\"300\" height=\"200\" srcset=\"https:\/\/tierarztpraxis-koldt.de\/wp-content\/uploads\/2014\/04\/4dded9e8c9fb7e3d59313e2d1671bba0-300x200.jpg 300w, https:\/\/tierarztpraxis-koldt.de\/wp-content\/uploads\/2014\/04\/4dded9e8c9fb7e3d59313e2d1671bba0-1024x682.jpg 1024w, https:\/\/tierarztpraxis-koldt.de\/wp-content\/uploads\/2014\/04\/4dded9e8c9fb7e3d59313e2d1671bba0.jpg 1280w\" sizes=\"auto, (max-width: 300px) 100vw, 300px\" \/><\/li>\n<li><strong>Weichteilchirurgie inklusive Tumorchirurgie<\/strong><\/li>\n<li><strong>Zahnmedizin<\/strong><\/li>\n<li><strong>Heimtiermedizin<\/strong><\/li>\n<li><strong>Dermatologie<\/strong><\/li>\n<li><strong>Ern\u00e4hrungsberatung<\/strong><\/li>\n<li><strong>Inhaltionsnarkosen<\/strong><\/li>\n<li><strong>Blutegeltherapie<\/strong><\/li>\n<\/ul>\n<p>&nbsp;<\/p>\n<h3><span style=\"text-decoration: underline; color: #ff0000;\">Diagnostische technische Einrichtungen:<\/span><\/h3>\n<ul>\n<li><strong><a href=\"http:\/\/www.tierarztpraxis-koldt.de\/wp-content\/uploads\/2014\/04\/IMG-20220308-WA0035.jpg\"><img loading=\"lazy\" decoding=\"async\" class=\" wp-image-842 alignright\" src=\"http:\/\/www.tierarztpraxis-koldt.de\/wp-content\/uploads\/2014\/04\/IMG-20220308-WA0035-146x300.jpg\" alt=\"\" width=\"155\" height=\"319\" srcset=\"https:\/\/tierarztpraxis-koldt.de\/wp-content\/uploads\/2014\/04\/IMG-20220308-WA0035-146x300.jpg 146w, https:\/\/tierarztpraxis-koldt.de\/wp-content\/uploads\/2014\/04\/IMG-20220308-WA0035-768x1580.jpg 768w, https:\/\/tierarztpraxis-koldt.de\/wp-content\/uploads\/2014\/04\/IMG-20220308-WA0035-498x1024.jpg 498w, https:\/\/tierarztpraxis-koldt.de\/wp-content\/uploads\/2014\/04\/IMG-20220308-WA0035.jpg 980w\" sizes=\"auto, (max-width: 155px) 100vw, 155px\" \/><\/a> digitales R\u00f6ntgen<\/strong><\/li>\n<li><strong>Ultraschall<\/strong><\/li>\n<li><strong>EKG<\/strong><\/li>\n<li><strong>Blutdruckmessger\u00e4t<\/strong><\/li>\n<li><strong>Praxis Inhouse Labor (komplettes Blutergebnis in 30 min)<\/strong><\/li>\n<li><strong>digitales Zahnr\u00f6ntgen<a href=\"http:\/\/www.tierarztpraxis-koldt.de\/wp-content\/uploads\/2014\/04\/IMG-20220308-WA0034.jpg\"><img loading=\"lazy\" decoding=\"async\" class=\" wp-image-841 alignright\" src=\"http:\/\/www.tierarztpraxis-koldt.de\/wp-content\/uploads\/2014\/04\/IMG-20220308-WA0034-300x179.jpg\" alt=\"\" width=\"315\" height=\"188\" srcset=\"https:\/\/tierarztpraxis-koldt.de\/wp-content\/uploads\/2014\/04\/IMG-20220308-WA0034-300x179.jpg 300w, https:\/\/tierarztpraxis-koldt.de\/wp-content\/uploads\/2014\/04\/IMG-20220308-WA0034-768x459.jpg 768w, https:\/\/tierarztpraxis-koldt.de\/wp-content\/uploads\/2014\/04\/IMG-20220308-WA0034-1024x612.jpg 1024w, https:\/\/tierarztpraxis-koldt.de\/wp-content\/uploads\/2014\/04\/IMG-20220308-WA0034.jpg 2048w\" sizes=\"auto, (max-width: 315px) 100vw, 315px\" \/><\/a><\/strong><\/li>\n<\/ul>\n<p>&nbsp;<\/p>\n<p>&nbsp;<\/p>\n<p>&nbsp;<\/p>\n<p>&nbsp;<\/p>\n<p>&nbsp;<\/p>\n<h3><span style=\"text-decoration: underline; color: #ff0000;\">Weiteres:<\/span><\/h3>\n<ul>\n<li><strong>Futtermittelberatung und -verkauf der Firmen Royal Canin, Vet-Concep, Hills <\/strong><\/li>\n<li><strong>Station\u00e4re Betreuung<\/strong><\/li>\n<li><strong>Regelm\u00e4ssige Fortbildungen des Praxis Teams<\/strong><\/li>\n<li><strong>Enge Zusammenarbeit mit dem VetZentrum in Stephanskirchen, Rosenheim<br \/>\n<\/strong><\/li>\n<\/ul>\n","protected":false},"excerpt":{"rendered":"<p>Fachliche Schwerpunkte: Innere Medizin Weichteilchirurgie inklusive Tumorchirurgie Zahnmedizin Heimtiermedizin Dermatologie Ern\u00e4hrungsberatung Inhaltionsnarkosen Blutegeltherapie &nbsp; Diagnostische technische Einrichtungen: digitales R\u00f6ntgen Ultraschall EKG Blutdruckmessger\u00e4t Praxis Inhouse Labor (komplettes Blutergebnis in 30 min) digitales Zahnr\u00f6ntgen &nbsp; &nbsp; &nbsp; &nbsp; &nbsp; Weiteres: Futtermittelberatung und -verkauf der Firmen Royal Canin, Vet-Concep, Hills Station\u00e4re Betreuung Regelm\u00e4ssige Fortbildungen des Praxis Teams Enge Zusammenarbeit mit dem VetZentrum in [&hellip;]<\/p>\n","protected":false},"author":1,"featured_media":652,"parent":0,"menu_order":4,"comment_status":"closed","ping_status":"closed","template":"","meta":{"footnotes":""},"class_list":["post-48","page","type-page","status-publish","has-post-thumbnail","hentry"],"_links":{"self":[{"href":"https:\/\/tierarztpraxis-koldt.de\/index.php?rest_route=\/wp\/v2\/pages\/48","targetHints":{"allow":["GET"]}}],"collection":[{"href":"https:\/\/tierarztpraxis-koldt.de\/index.php?rest_route=\/wp\/v2\/pages"}],"about":[{"href":"https:\/\/tierarztpraxis-koldt.de\/index.php?rest_route=\/wp\/v2\/types\/page"}],"author":[{"embeddable":true,"href":"https:\/\/tierarztpraxis-koldt.de\/index.php?rest_route=\/wp\/v2\/users\/1"}],"replies":[{"embeddable":true,"href":"https:\/\/tierarztpraxis-koldt.de\/index.php?rest_route=%2Fwp%2Fv2%2Fcomments&post=48"}],"version-history":[{"count":23,"href":"https:\/\/tierarztpraxis-koldt.de\/index.php?rest_route=\/wp\/v2\/pages\/48\/revisions"}],"predecessor-version":[{"id":1129,"href":"https:\/\/tierarztpraxis-koldt.de\/index.php?rest_route=\/wp\/v2\/pages\/48\/revisions\/1129"}],"wp:featuredmedia":[{"embeddable":true,"href":"https:\/\/tierarztpraxis-koldt.de\/index.php?rest_route=\/wp\/v2\/media\/652"}],"wp:attachment":[{"href":"https:\/\/tierarztpraxis-koldt.de\/index.php?rest_route=%2Fwp%2Fv2%2Fmedia&parent=48"}],"curies":[{"name":"wp","href":"https:\/\/api.w.org\/{rel}","templated":true}]}}