{"id":6,"date":"2012-08-08T21:04:10","date_gmt":"2012-08-08T19:04:10","guid":{"rendered":"http:\/\/www.tierarztpraxis-koldt.de\/?page_id=6"},"modified":"2020-10-12T19:19:27","modified_gmt":"2020-10-12T17:19:27","slug":"impressum","status":"publish","type":"page","link":"https:\/\/tierarztpraxis-koldt.de\/?page_id=6","title":{"rendered":"Impressum"},"content":{"rendered":"<h2>Angaben gem\u00e4\u00df \u00a7 5 TMG<\/h2>\n<p><img loading=\"lazy\" decoding=\"async\" class=\"size-full\" title=\"Adresse\" src=\"http:\/\/www.tierarztpraxis-koldt.de\/wp-content\/uploads\/2012\/08\/Adresse1.png\" alt=\"\" width=\"215\" height=\"100\" \/><\/p>\n<h2>Kontakt<\/h2>\n<p>Telefon: 08669 &#8211; 7897020<\/p>\n<p>Fax: \u00a0 \u00a0 \u00a008669 &#8211; 7897021<\/p>\n<p>E-Mail: tierarztkoldt@gmx.de<\/p>\n<h2>Umsatzsteuer-ID<\/h2>\n<p>Umsatzsteuer-Identifikationsnummer gem\u00e4\u00df \u00a727 a Umsatzsteuergesetz:<br \/>\nDE 284488818<\/p>\n<h2>Aufsichtsbeh\u00f6rde<\/h2>\n<p>Berufsbezeichnung: Tier\u00e4rztin<br \/>\nBerufsbezeichnung verliehen in der Bundesrepublik Deutschland<\/p>\n<p>Zust\u00e4ndige Kammer:<br \/>\nBayerische Landestier\u00e4rztekammer<br \/>\nBavariastr. 7 a<br \/>\n80336 M\u00fcnchen<\/p>\n<p>Die berufsrechtlichen Regelungen sind \u00fcber die Internetseiten der Bayerischen Landestier\u00e4rztekammer zug\u00e4nglich. Der direkte Link lautet:\u00a0<a title=\"Bayerische Landestier\u00e4rztekammer\" href=\"http:\/\/www.bltk.de\">www.bltk.de<\/a><\/p>\n<h2>Berufshaftpflichtversicherung<\/h2>\n<p>Continentale Sachversicherung AG<br \/>\nRuhrallee 92<br \/>\n44139 Dortmund<br \/>\nGeltungsbereich Deutschland<\/p>\n<h2>Quellenangaben<\/h2>\n<p>F\u00fcr die verwendeten Bilder und Grafiken:<br \/>\nThomas Rodmann<br \/>\nOlaf Benold<\/p>\n<p>F\u00fcr das Impressum:<br \/>\n<em><a href=\"http:\/\/www.e-recht24.de\">http:\/\/www.e-recht24.de<\/a>, Impressum Generator<\/em><\/p>\n<p>&nbsp;<\/p>\n<h2>Haftungsausschluss:<\/h2>\n<p><strong>Haftung f\u00fcr Inhalte<\/strong><\/p>\n<p>Die Inhalte unserer Seiten wurden mit gr\u00f6\u00dfter Sorgfalt erstellt. F\u00fcr die Richtigkeit, Vollst\u00e4ndigkeit und Aktualit\u00e4t der Inhalte k\u00f6nnen wir jedoch keine Gew\u00e4hr \u00fcbernehmen. Als Diensteanbieter sind wir gem\u00e4\u00df \u00a7 7 Abs.1 TMG f\u00fcr eigene Inhalte auf diesen Seiten nach den allgemeinen Gesetzen verantwortlich. Nach \u00a7\u00a7 8 bis 10 TMG sind wir als Diensteanbieter jedoch nicht verpflichtet, \u00fcbermittelte oder gespeicherte fremde Informationen zu \u00fcberwachen oder nach Umst\u00e4nden zu forschen, die auf eine rechtswidrige T\u00e4tigkeit hinweisen. Verpflichtungen zur Entfernung oder Sperrung der Nutzung von Informationen nach den allgemeinen Gesetzen bleiben hiervon unber\u00fchrt. Eine diesbez\u00fcgliche Haftung ist jedoch erst ab dem Zeitpunkt der Kenntnis einer konkreten Rechtsverletzung m\u00f6glich. Bei Bekanntwerden von entsprechenden Rechtsverletzungen werden wir diese Inhalte umgehend entfernen.<\/p>\n<p><strong>Haftung f\u00fcr Links<\/strong><\/p>\n<p>Unser Angebot enth\u00e4lt Links zu externen Webseiten Dritter, auf deren Inhalte wir keinen Einfluss haben. Deshalb k\u00f6nnen wir f\u00fcr diese fremden Inhalte auch keine Gew\u00e4hr \u00fcbernehmen. F\u00fcr die Inhalte der verlinkten Seiten ist stets der jeweilige Anbieter oder Betreiber der Seiten verantwortlich. Die verlinkten Seiten wurden zum Zeitpunkt der Verlinkung auf m\u00f6gliche Rechtsverst\u00f6\u00dfe \u00fcberpr\u00fcft. Rechtswidrige Inhalte waren zum Zeitpunkt der Verlinkung nicht erkennbar. Eine permanente inhaltliche Kontrolle der verlinkten Seiten ist jedoch ohne konkrete Anhaltspunkte einer Rechtsverletzung nicht zumutbar. Bei Bekanntwerden von Rechtsverletzungen werden wir derartige Links umgehend entfernen.<\/p>\n<p><strong>Urheberrecht<\/strong><\/p>\n<p>Die durch die Seitenbetreiber erstellten Inhalte und Werke auf diesen Seiten unterliegen dem deutschen Urheberrecht. Die Vervielf\u00e4ltigung, Bearbeitung, Verbreitung und jede Art der Verwertung au\u00dferhalb der Grenzen des Urheberrechtes bed\u00fcrfen der schriftlichen Zustimmung des jeweiligen Autors bzw. Erstellers. Downloads und Kopien dieser Seite sind nur f\u00fcr den privaten, nicht kommerziellen Gebrauch gestattet. Soweit die Inhalte auf dieser Seite nicht vom Betreiber erstellt wurden, werden die Urheberrechte Dritter beachtet. Insbesondere werden Inhalte Dritter als solche gekennzeichnet. Sollten Sie trotzdem auf eine Urheberrechtsverletzung aufmerksam werden, bitten wir um einen entsprechenden Hinweis. Bei Bekanntwerden von Rechtsverletzungen werden wir derartige Inhalte umgehend entfernen.<\/p>\n<h5><strong>Datenschutzerkl\u00e4rung<\/strong><\/h5>\n<p>Verantwortliche Stelle im Sinne der Datenschutzgesetze, insbesondere der EU-Datenschutzverordnung (DSGVO), ist:<\/p>\n<p><em><strong>Ihre Betroffenenrechte<\/strong><\/em><\/p>\n<p>Unter den angegebenen Kontaktdaten unseres Datenschutzbeauftragten k\u00f6nnen Sie jederzeit folgende Rechte aus\u00fcben:<\/p>\n<ul>\n<li>Auskunft \u00fcber Ihre bei uns gespeicherten Daten und deren Verarbeitung<\/li>\n<li>Berichtigung unrichtiger personenbezogener Daten<\/li>\n<li>L\u00f6schung Ihrer bei uns gespeicherten Daten<\/li>\n<li>Einschr\u00e4nkung der Datenverarbeitung, sofern wir Ihre Daten aufgrund gesetzlicher Pflichten\u00a0 noch nicht l\u00f6schen durften<\/li>\n<li>Widerspruch gegen die Verarbeitung Ihrer Daten bei uns und<\/li>\n<li>Daten\u00fcbertragbarkeit, sofern Sie in die Datenverarbeitung eingewilligt haben oder einen Vertrag mit uns geschlossen haben<\/li>\n<\/ul>\n<p>Sofern Sie uns eine Einwilligung erteilt haben, k\u00f6nnen Sie diese jederzeit mit Wirkung f\u00fcr die Zukunft widerufen.<\/p>\n<p>Sie k\u00f6nnen sich jederzeit mit einer Beschwerde an die f\u00fcr Sie zust\u00e4ndige Aufsichtsbeh\u00f6rde wenden. Ihre zust\u00e4ndige Aufsichtsbeh\u00f6rde richtet sich nach dem Bundesland Ihes Wohnsitzes, Ihrer Arbeit oder der mutma\u00dflichen Verletzung. Eine liste der Aufsichtsbeh\u00f6rden (f\u00fcr den nicht \u00f6ffentlichen Bereich) mit Anschrift finden Sie unter:\u00a0\u00a0\u00a0\u00a0\u00a0\u00a0\u00a0\u00a0\u00a0\u00a0\u00a0 \u00a0 \u00a0 \u00a0 \u00a0 \u00a0\u00a0 \u00a0\u00a0\u00a0\u00a0\u00a0\u00a0\u00a0\u00a0\u00a0\u00a0\u00a0\u00a0\u00a0\u00a0\u00a0\u00a0\u00a0\u00a0\u00a0\u00a0\u00a0\u00a0\u00a0\u00a0\u00a0\u00a0\u00a0\u00a0\u00a0\u00a0\u00a0\u00a0\u00a0\u00a0\u00a0\u00a0\u00a0\u00a0\u00a0\u00a0\u00a0\u00a0\u00a0\u00a0\u00a0\u00a0\u00a0\u00a0\u00a0\u00a0\u00a0\u00a0\u00a0\u00a0\u00a0\u00a0\u00a0\u00a0\u00a0\u00a0\u00a0\u00a0 https:\/\/www.bfdi.bund.de\/DE\/Infothek\/Anschriften%20Links\/anschriften%20links-node.html<\/p>\n<p><em><strong>Zwecke der Datenverarbeitung durch die verantwortliche Stelle und Dritte<\/strong><\/em><\/p>\n<p>Wir verarbeiten Ihre personenbezogenen Daten nur zu den in dieser Datenschutzerkl\u00e4rung genannten Zwecken. Eine \u00dcbermittlung Ihrer pers\u00f6nlichen Daten an Dritte zu anderen als den genannten Zwecken findet nicht statt. Wir geben Ihre pers\u00f6nlichen Daten nur an Dritte weiter, wenn:<\/p>\n<ul>\n<li>Sie Ihre ausdr\u00fcckliche Einwilligung dazu erteilt haben<\/li>\n<li>die Verarbeitung zur Abwicklung eines Vertrags mit Ihnen erforderlich ist,<\/li>\n<li>die Verarbeitung zur Erf\u00fcllung einer rechtlichen Verpflichtung erforderlich ist<\/li>\n<li>die Verarbeitung zur Wahrung berechtigter Interesse erforderlich ist und kein Grund zur Annahme besteht, dass Sie ein \u00fcberwiegendes schutzw\u00fcrdiges Interesse an der Nichtweitergabe Ihrer Daten haben.<\/li>\n<\/ul>\n<p><em><strong>L\u00f6schung bzw. Sperrung der Daten<\/strong><\/em><\/p>\n<p>Wir halten uns an die Grunds\u00e4tze der Datenvermeidung und Datensparsamkeit. Wir speichern Ihre D\u00b4personenbezogenen Daten daher nur so lange, wie dies zur Erreichung der hier genannten Zwecke erforderlich ist oder wie es die vom Gesetzgeber vorgesehenen vielf\u00e4ltigen Speicherfristen vorsehen. Nach Fortfall des jeweiligen Zweckes bzw. Ablauf dieser Fristen werden die entsprechenden Daten routinem\u00e4\u00dfig und den gesetzlichen Vorschriften gesperrt oder gel\u00f6scht.<\/p>\n<p><em><strong>Cookies<\/strong><\/em><\/p>\n<p>Wie viele andere Webseiten verwenden wir auch so genannte &#8222;Cookies&#8220;. Cookies sind kleine Textdateien, die von einem Websiteserver auf Ihre Festplatte \u00fcbertragen werden. Hierdurch erhalten wir automatisch bestimmte Daten wie z.B. IP-Adresse, verwendeter Browser, Betriebssystem und Ihre Verbindung zum Internet.<\/p>\n<p>Cookies k\u00f6nnen nicht verwendet werden, um Programme zu starten oder Viren auf einen Computer zu \u00fcbertragen. Anhand der in Cookies erhaltenen Informationen k\u00f6nnen wir Ihnen die Navigation erleichtern und die korrekte Anzeige unserer Webseiten erm\u00f6glichen.<\/p>\n<p>In keinem Fall werden die von uns erfassten Daten an Dritte weitergegeben oder ohne Ihre Einwilligung eine Verkn\u00fcpfung mit personenbezogenen Daten hergestellt.<\/p>\n<p>Nat\u00fcrlich k\u00f6nne Sie unsere Website grunds\u00e4tzlich auch ohne Cookies betrachten. Internet-Browser sind regelm\u00e4\u00dfig so eingestellt, dass sie Cookies akzeptieren. Im Allgemeinen k\u00f6nnen Sie die Verwendung von Cookies jederzeit \u00fcber die Einstellungen Ihres Browsers deaktivieren. Bitte verwenden Sie die Hilfefunktionen Ihres Internetbrowders, um zu erfahren, wie Sie diese Einstellungen \u00e4ndern k\u00f6nnen. Bitte beachten Sie, dass einzelne Funktionen unserer Website m\u00f6glicherweise nicht funktionieren, wenn Sie die Verwendung von Cookies deaktiviert haben.<\/p>\n<p><em><strong>Kontaktformular<\/strong><\/em><\/p>\n<p>Treten Sie bzgl. Fragen jeglicher Art per Email oder Kontaktformular mit uns in Kontakt, erteilen Sie uns zum Zwecke der Kontaktaufnahme Ihre freiwillige Einwilligung. Hierf\u00fcr ist die Angabe einer validen E-Mail-Adresse erforderlich. Diese dient der Zuordnung der Anfrage und der anschlie\u00dfenden Beantwortung derselben. Die Angabe weiterer Daten ist optional. Die von Ihnen gemachten Angaben werden zum Zwecke der Bearbeitung der Anfrage sowie f\u00fcr m\u00f6gliche Anschlussfragen gespeichert. Nach Erledigung der von Ihnen gestellten Anfrage werden zum Zwecke der Bearbeitung der Anfrage sowie f\u00fcr m\u00f6gliche Anschlussfragen gespeichert. Nach Erledigung der von Ihnen gestellten Anfrage werden personenbezogene Daten automatisch gel\u00f6scht.<\/p>\n<p><em><strong>\u00c4nderung unserer Datenschutzbestimmungen<\/strong><\/em><\/p>\n<p>Wir behalten uns vor, diese Datenschutzerkl\u00e4rung anzupassen, damit sie stets den aktuellen rechtlichen Anforderungen entspricht oder um \u00c4nderungen unserer Leistungen in der Datenschutzerkl\u00e4rung umzusetzen, z.B. bei der Einf\u00fchrung neuer Services. F\u00fcr Ihren erneuten Besuch gilt dann die neue Datenschutzerkl\u00e4rung.<\/p>\n<p><em>Quellenangaben: <a href=\"http:\/\/www.e-recht24.de\/muster-disclaimer.htm\" target=\"_blank\" rel=\"noopener noreferrer\">Disclaimer<\/a> von eRecht24, dem Portal zum Internetrecht von Rechtsanwalt S\u00f6ren Siebert<\/em><\/p>\n","protected":false},"excerpt":{"rendered":"<p>Angaben gem\u00e4\u00df \u00a7 5 TMG Kontakt Telefon: 08669 &#8211; 7897020 Fax: \u00a0 \u00a0 \u00a008669 &#8211; 7897021 E-Mail: tierarztkoldt@gmx.de Umsatzsteuer-ID Umsatzsteuer-Identifikationsnummer gem\u00e4\u00df \u00a727 a Umsatzsteuergesetz: DE 284488818 Aufsichtsbeh\u00f6rde Berufsbezeichnung: Tier\u00e4rztin Berufsbezeichnung verliehen in der Bundesrepublik Deutschland Zust\u00e4ndige Kammer: Bayerische Landestier\u00e4rztekammer Bavariastr. 7 a 80336 M\u00fcnchen Die berufsrechtlichen Regelungen sind \u00fcber die Internetseiten der Bayerischen Landestier\u00e4rztekammer zug\u00e4nglich. Der direkte Link lautet:\u00a0www.bltk.de Berufshaftpflichtversicherung [&hellip;]<\/p>\n","protected":false},"author":1,"featured_media":652,"parent":0,"menu_order":7,"comment_status":"closed","ping_status":"closed","template":"","meta":{"footnotes":""},"class_list":["post-6","page","type-page","status-publish","has-post-thumbnail","hentry"],"_links":{"self":[{"href":"https:\/\/tierarztpraxis-koldt.de\/index.php?rest_route=\/wp\/v2\/pages\/6","targetHints":{"allow":["GET"]}}],"collection":[{"href":"https:\/\/tierarztpraxis-koldt.de\/index.php?rest_route=\/wp\/v2\/pages"}],"about":[{"href":"https:\/\/tierarztpraxis-koldt.de\/index.php?rest_route=\/wp\/v2\/types\/page"}],"author":[{"embeddable":true,"href":"https:\/\/tierarztpraxis-koldt.de\/index.php?rest_route=\/wp\/v2\/users\/1"}],"replies":[{"embeddable":true,"href":"https:\/\/tierarztpraxis-koldt.de\/index.php?rest_route=%2Fwp%2Fv2%2Fcomments&post=6"}],"version-history":[{"count":25,"href":"https:\/\/tierarztpraxis-koldt.de\/index.php?rest_route=\/wp\/v2\/pages\/6\/revisions"}],"predecessor-version":[{"id":365,"href":"https:\/\/tierarztpraxis-koldt.de\/index.php?rest_route=\/wp\/v2\/pages\/6\/revisions\/365"}],"wp:featuredmedia":[{"embeddable":true,"href":"https:\/\/tierarztpraxis-koldt.de\/index.php?rest_route=\/wp\/v2\/media\/652"}],"wp:attachment":[{"href":"https:\/\/tierarztpraxis-koldt.de\/index.php?rest_route=%2Fwp%2Fv2%2Fmedia&parent=6"}],"curies":[{"name":"wp","href":"https:\/\/api.w.org\/{rel}","templated":true}]}}